{"id":51,"date":"2024-01-30T08:43:13","date_gmt":"2024-01-30T07:43:13","guid":{"rendered":"https:\/\/sdlegal.com.pl\/en\/?page_id=51"},"modified":"2026-02-11T12:40:18","modified_gmt":"2026-02-11T11:40:18","slug":"kontakt","status":"publish","type":"page","link":"https:\/\/sdlegal.com.pl\/en\/kontakt\/","title":{"rendered":"Contact"},"content":{"rendered":"<p><strong>SD Legal Stoi\u0144ski Drzyma\u0142a radcowie prawni sp\u00f3\u0142ka partnerska<\/strong><br \/>\nul. Urz\u0119dnicza 26\/1<br \/>\n30-051 Krak\u00f3w<\/p>\n<p>Entered in the register of entrepreneurs by the District Court for Krak\u00f3w-\u015ar\u00f3dmie\u015bcie in Krak\u00f3w, XI Commercial Division under KRS number: 0000330558.<\/p>\n","protected":false},"excerpt":{"rendered":"<p>SD Legal Stoi&#324;ski Drzyma&#322;a radcowie prawni sp&oacute;&#322;ka partnerska ul. Urz&#281;dnicza 26\/1 30-051 Krak&oacute;w Entered in the register of entrepreneurs by the District Court for Krak&oacute;w-&#346;r&oacute;dmie&#347;cie in Krak&oacute;w, XI Commercial Division under KRS number: 0000330558.<\/p>\n","protected":false},"author":1,"featured_media":0,"parent":0,"menu_order":0,"comment_status":"closed","ping_status":"closed","template":"","meta":{"footnotes":""},"class_list":["post-51","page","type-page","status-publish","hentry"],"_links":{"self":[{"href":"https:\/\/sdlegal.com.pl\/en\/wp-json\/wp\/v2\/pages\/51","targetHints":{"allow":["GET"]}}],"collection":[{"href":"https:\/\/sdlegal.com.pl\/en\/wp-json\/wp\/v2\/pages"}],"about":[{"href":"https:\/\/sdlegal.com.pl\/en\/wp-json\/wp\/v2\/types\/page"}],"author":[{"embeddable":true,"href":"https:\/\/sdlegal.com.pl\/en\/wp-json\/wp\/v2\/users\/1"}],"replies":[{"embeddable":true,"href":"https:\/\/sdlegal.com.pl\/en\/wp-json\/wp\/v2\/comments?post=51"}],"version-history":[{"count":5,"href":"https:\/\/sdlegal.com.pl\/en\/wp-json\/wp\/v2\/pages\/51\/revisions"}],"predecessor-version":[{"id":225,"href":"https:\/\/sdlegal.com.pl\/en\/wp-json\/wp\/v2\/pages\/51\/revisions\/225"}],"wp:attachment":[{"href":"https:\/\/sdlegal.com.pl\/en\/wp-json\/wp\/v2\/media?parent=51"}],"curies":[{"name":"wp","href":"https:\/\/api.w.org\/{rel}","templated":true}]}}